{"id":55,"date":"2022-01-01T01:59:25","date_gmt":"2022-01-01T01:59:25","guid":{"rendered":"https:\/\/jmkudokan.com.mx\/?page_id=14"},"modified":"2022-09-29T23:51:38","modified_gmt":"2022-09-29T23:51:38","slug":"cursos","status":"publish","type":"page","link":"https:\/\/jmkudokan.com.mx\/?page_id=55","title":{"rendered":"Cursos"},"content":{"rendered":"\t\t<div data-elementor-type=\"wp-page\" data-elementor-id=\"55\" class=\"elementor elementor-55\">\n\t\t\t\t\t\t<section class=\"elementor-section elementor-top-section elementor-element elementor-element-4767510 elementor-section-boxed elementor-section-height-default elementor-section-height-default\" data-id=\"4767510\" data-element_type=\"section\" data-e-type=\"section\">\n\t\t\t\t\t\t<div class=\"elementor-container elementor-column-gap-default\">\n\t\t\t\t\t<div class=\"elementor-column elementor-col-100 elementor-top-column elementor-element elementor-element-a0c02e7\" data-id=\"a0c02e7\" data-element_type=\"column\" data-e-type=\"column\">\n\t\t\t<div class=\"elementor-widget-wrap elementor-element-populated\">\n\t\t\t\t\t\t<div class=\"elementor-element elementor-element-aea53a2 elementor-grid-3 elementor-grid-tablet-2 elementor-grid-mobile-1 elementor-posts--thumbnail-top elementor-widget elementor-widget-posts\" data-id=\"aea53a2\" data-element_type=\"widget\" data-e-type=\"widget\" data-settings=\"{&quot;classic_columns&quot;:&quot;3&quot;,&quot;classic_columns_tablet&quot;:&quot;2&quot;,&quot;classic_columns_mobile&quot;:&quot;1&quot;,&quot;classic_row_gap&quot;:{&quot;unit&quot;:&quot;px&quot;,&quot;size&quot;:35,&quot;sizes&quot;:[]},&quot;classic_row_gap_tablet&quot;:{&quot;unit&quot;:&quot;px&quot;,&quot;size&quot;:&quot;&quot;,&quot;sizes&quot;:[]},&quot;classic_row_gap_mobile&quot;:{&quot;unit&quot;:&quot;px&quot;,&quot;size&quot;:&quot;&quot;,&quot;sizes&quot;:[]}}\" data-widget_type=\"posts.classic\">\n\t\t\t\t<div class=\"elementor-widget-container\">\n\t\t\t\t\t\t\t<div class=\"elementor-posts-container elementor-posts elementor-posts--skin-classic elementor-grid\">\n\t\t\t\t<article class=\"elementor-post elementor-grid-item post-581 post type-post status-publish format-standard has-post-thumbnail hentry category-1\">\n\t\t\t\t<a class=\"elementor-post__thumbnail__link\" href=\"https:\/\/jmkudokan.com.mx\/?p=581\" >\n\t\t\t<div class=\"elementor-post__thumbnail\"><img fetchpriority=\"high\" decoding=\"async\" width=\"300\" height=\"200\" src=\"https:\/\/jmkudokan.com.mx\/wp-content\/uploads\/2024\/01\/GestonT-300x200.jpg\" class=\"attachment-medium size-medium wp-image-576\" alt=\"\" srcset=\"https:\/\/jmkudokan.com.mx\/wp-content\/uploads\/2024\/01\/GestonT-300x200.jpg 300w, https:\/\/jmkudokan.com.mx\/wp-content\/uploads\/2024\/01\/GestonT-1024x683.jpg 1024w, https:\/\/jmkudokan.com.mx\/wp-content\/uploads\/2024\/01\/GestonT-768x512.jpg 768w, https:\/\/jmkudokan.com.mx\/wp-content\/uploads\/2024\/01\/GestonT-1536x1024.jpg 1536w, https:\/\/jmkudokan.com.mx\/wp-content\/uploads\/2024\/01\/GestonT-360x240.jpg 360w, https:\/\/jmkudokan.com.mx\/wp-content\/uploads\/2024\/01\/GestonT.jpg 1920w\" sizes=\"(max-width: 300px) 100vw, 300px\" \/><\/div>\n\t\t<\/a>\n\t\t\t\t<div class=\"elementor-post__text\">\n\t\t\t\t<h3 class=\"elementor-post__title\">\n\t\t\t<a href=\"https:\/\/jmkudokan.com.mx\/?p=581\" >\n\t\t\t\tGesti\u00f3n de Talento\t\t\t<\/a>\n\t\t<\/h3>\n\t\t\t\t<div class=\"elementor-post__meta-data\">\n\t\t\t\t\t<span class=\"elementor-post-date\">\n\t\t\t18 enero, 2024\t\t<\/span>\n\t\t\t\t<span class=\"elementor-post-avatar\">\n\t\t\tNo hay comentarios\t\t<\/span>\n\t\t\t\t<\/div>\n\t\t\t\t<div class=\"elementor-post__excerpt\">\n\t\t\t<p>Sabemos que el \u00e9xito de tu negocio inicia desde la contrataci\u00f3n de personal, para conformar equipos de alto rendimiento buscamos y encontramos el mejor perfil para tu empresa a trav\u00e9s del modelo de an\u00e1lisis de la personalidad.<\/p>\n\t\t<\/div>\n\t\t\n\t\t<a class=\"elementor-post__read-more\" href=\"https:\/\/jmkudokan.com.mx\/?p=581\" >\n\t\t\tRead More \u00bb\t\t<\/a>\n\n\t\t\t\t<\/div>\n\t\t\t\t<\/article>\n\t\t\t\t<article class=\"elementor-post elementor-grid-item post-578 post type-post status-publish format-standard has-post-thumbnail hentry category-1\">\n\t\t\t\t<a class=\"elementor-post__thumbnail__link\" href=\"https:\/\/jmkudokan.com.mx\/?p=578\" >\n\t\t\t<div class=\"elementor-post__thumbnail\"><img decoding=\"async\" width=\"300\" height=\"200\" src=\"https:\/\/jmkudokan.com.mx\/wp-content\/uploads\/2024\/01\/ProcesosG-300x200.jpg\" class=\"attachment-medium size-medium wp-image-579\" alt=\"\" srcset=\"https:\/\/jmkudokan.com.mx\/wp-content\/uploads\/2024\/01\/ProcesosG-300x200.jpg 300w, https:\/\/jmkudokan.com.mx\/wp-content\/uploads\/2024\/01\/ProcesosG-1024x683.jpg 1024w, https:\/\/jmkudokan.com.mx\/wp-content\/uploads\/2024\/01\/ProcesosG-768x512.jpg 768w, https:\/\/jmkudokan.com.mx\/wp-content\/uploads\/2024\/01\/ProcesosG-1536x1024.jpg 1536w, https:\/\/jmkudokan.com.mx\/wp-content\/uploads\/2024\/01\/ProcesosG-360x240.jpg 360w, https:\/\/jmkudokan.com.mx\/wp-content\/uploads\/2024\/01\/ProcesosG.jpg 1920w\" sizes=\"(max-width: 300px) 100vw, 300px\" \/><\/div>\n\t\t<\/a>\n\t\t\t\t<div class=\"elementor-post__text\">\n\t\t\t\t<h3 class=\"elementor-post__title\">\n\t\t\t<a href=\"https:\/\/jmkudokan.com.mx\/?p=578\" >\n\t\t\t\tGesti\u00f3n de Procesos\t\t\t<\/a>\n\t\t<\/h3>\n\t\t\t\t<div class=\"elementor-post__meta-data\">\n\t\t\t\t\t<span class=\"elementor-post-date\">\n\t\t\t18 enero, 2024\t\t<\/span>\n\t\t\t\t<span class=\"elementor-post-avatar\">\n\t\t\tNo hay comentarios\t\t<\/span>\n\t\t\t\t<\/div>\n\t\t\t\t<div class=\"elementor-post__excerpt\">\n\t\t\t<p>Eficientamos las pol\u00edticas y procedimientos a trav\u00e9s de la simplificaci\u00f3n de los procesos operativos de tu organizaci\u00f3n, cuidando el riesgo a favor de los marcos normativos para la rentabilidad de las operaciones.<\/p>\n\t\t<\/div>\n\t\t\n\t\t<a class=\"elementor-post__read-more\" href=\"https:\/\/jmkudokan.com.mx\/?p=578\" >\n\t\t\tRead More \u00bb\t\t<\/a>\n\n\t\t\t\t<\/div>\n\t\t\t\t<\/article>\n\t\t\t\t<article class=\"elementor-post elementor-grid-item post-257 post type-post status-publish format-standard has-post-thumbnail hentry category-cursos\">\n\t\t\t\t<a class=\"elementor-post__thumbnail__link\" href=\"https:\/\/jmkudokan.com.mx\/?p=257\" >\n\t\t\t<div class=\"elementor-post__thumbnail\"><img decoding=\"async\" width=\"300\" height=\"200\" src=\"https:\/\/jmkudokan.com.mx\/wp-content\/uploads\/2022\/01\/01-Comunicacion-asertiva-300x200.jpg\" class=\"attachment-medium size-medium wp-image-451\" alt=\"\" srcset=\"https:\/\/jmkudokan.com.mx\/wp-content\/uploads\/2022\/01\/01-Comunicacion-asertiva-300x200.jpg 300w, https:\/\/jmkudokan.com.mx\/wp-content\/uploads\/2022\/01\/01-Comunicacion-asertiva-1024x683.jpg 1024w, https:\/\/jmkudokan.com.mx\/wp-content\/uploads\/2022\/01\/01-Comunicacion-asertiva-768x512.jpg 768w, https:\/\/jmkudokan.com.mx\/wp-content\/uploads\/2022\/01\/01-Comunicacion-asertiva-1536x1024.jpg 1536w, https:\/\/jmkudokan.com.mx\/wp-content\/uploads\/2022\/01\/01-Comunicacion-asertiva-360x240.jpg 360w, https:\/\/jmkudokan.com.mx\/wp-content\/uploads\/2022\/01\/01-Comunicacion-asertiva.jpg 1920w\" sizes=\"(max-width: 300px) 100vw, 300px\" \/><\/div>\n\t\t<\/a>\n\t\t\t\t<div class=\"elementor-post__text\">\n\t\t\t\t<h3 class=\"elementor-post__title\">\n\t\t\t<a href=\"https:\/\/jmkudokan.com.mx\/?p=257\" >\n\t\t\t\tComunicaci\u00f3n asertiva en el proceso de venta\t\t\t<\/a>\n\t\t<\/h3>\n\t\t\t\t<div class=\"elementor-post__meta-data\">\n\t\t\t\t\t<span class=\"elementor-post-date\">\n\t\t\t22 septiembre, 2022\t\t<\/span>\n\t\t\t\t<span class=\"elementor-post-avatar\">\n\t\t\tNo hay comentarios\t\t<\/span>\n\t\t\t\t<\/div>\n\t\t\t\t<div class=\"elementor-post__excerpt\">\n\t\t\t<p>Presentaci\u00f3n Este curso contiene temas importantes relacionados con la palabra hablada y la comunicaci\u00f3n para generar ambientes de armon\u00eda de bienestar de cooperaci\u00f3n tanto en ambientes familiares como laborables. El enfoque en el que enmarcamos estos temas es humanista donde las necesidades de las personas es el tema central a<\/p>\n\t\t<\/div>\n\t\t\n\t\t<a class=\"elementor-post__read-more\" href=\"https:\/\/jmkudokan.com.mx\/?p=257\" >\n\t\t\tRead More \u00bb\t\t<\/a>\n\n\t\t\t\t<\/div>\n\t\t\t\t<\/article>\n\t\t\t\t<article class=\"elementor-post elementor-grid-item post-254 post type-post status-publish format-standard has-post-thumbnail hentry category-cursos\">\n\t\t\t\t<a class=\"elementor-post__thumbnail__link\" href=\"https:\/\/jmkudokan.com.mx\/?p=254\" >\n\t\t\t<div class=\"elementor-post__thumbnail\"><img loading=\"lazy\" decoding=\"async\" width=\"300\" height=\"200\" src=\"https:\/\/jmkudokan.com.mx\/wp-content\/uploads\/2022\/01\/02-El-eneagrama-300x200.jpg\" class=\"attachment-medium size-medium wp-image-453\" alt=\"\" srcset=\"https:\/\/jmkudokan.com.mx\/wp-content\/uploads\/2022\/01\/02-El-eneagrama-300x200.jpg 300w, https:\/\/jmkudokan.com.mx\/wp-content\/uploads\/2022\/01\/02-El-eneagrama-1024x683.jpg 1024w, https:\/\/jmkudokan.com.mx\/wp-content\/uploads\/2022\/01\/02-El-eneagrama-768x512.jpg 768w, https:\/\/jmkudokan.com.mx\/wp-content\/uploads\/2022\/01\/02-El-eneagrama-1536x1024.jpg 1536w, https:\/\/jmkudokan.com.mx\/wp-content\/uploads\/2022\/01\/02-El-eneagrama-360x240.jpg 360w, https:\/\/jmkudokan.com.mx\/wp-content\/uploads\/2022\/01\/02-El-eneagrama.jpg 1920w\" sizes=\"(max-width: 300px) 100vw, 300px\" \/><\/div>\n\t\t<\/a>\n\t\t\t\t<div class=\"elementor-post__text\">\n\t\t\t\t<h3 class=\"elementor-post__title\">\n\t\t\t<a href=\"https:\/\/jmkudokan.com.mx\/?p=254\" >\n\t\t\t\tEl eneagrama y la venta\t\t\t<\/a>\n\t\t<\/h3>\n\t\t\t\t<div class=\"elementor-post__meta-data\">\n\t\t\t\t\t<span class=\"elementor-post-date\">\n\t\t\t6 enero, 2022\t\t<\/span>\n\t\t\t\t<span class=\"elementor-post-avatar\">\n\t\t\tNo hay comentarios\t\t<\/span>\n\t\t\t\t<\/div>\n\t\t\t\t<div class=\"elementor-post__excerpt\">\n\t\t\t<p>Pr\u00f3ximamente Aumentar el potencial y los recursos propios del trabajador a partir del conocimiento de sus rasgos f\u00edsicos y psicol\u00f3gicos.<\/p>\n\t\t<\/div>\n\t\t\n\t\t<a class=\"elementor-post__read-more\" href=\"https:\/\/jmkudokan.com.mx\/?p=254\" >\n\t\t\tRead More \u00bb\t\t<\/a>\n\n\t\t\t\t<\/div>\n\t\t\t\t<\/article>\n\t\t\t\t<article class=\"elementor-post elementor-grid-item post-252 post type-post status-publish format-standard has-post-thumbnail hentry category-cursos\">\n\t\t\t\t<a class=\"elementor-post__thumbnail__link\" href=\"https:\/\/jmkudokan.com.mx\/?p=252\" >\n\t\t\t<div class=\"elementor-post__thumbnail\"><img loading=\"lazy\" decoding=\"async\" width=\"300\" height=\"200\" src=\"https:\/\/jmkudokan.com.mx\/wp-content\/uploads\/2022\/01\/03-La-venta-y-PNL-300x200.jpg\" class=\"attachment-medium size-medium wp-image-455\" alt=\"\" srcset=\"https:\/\/jmkudokan.com.mx\/wp-content\/uploads\/2022\/01\/03-La-venta-y-PNL-300x200.jpg 300w, https:\/\/jmkudokan.com.mx\/wp-content\/uploads\/2022\/01\/03-La-venta-y-PNL-1024x683.jpg 1024w, https:\/\/jmkudokan.com.mx\/wp-content\/uploads\/2022\/01\/03-La-venta-y-PNL-768x512.jpg 768w, https:\/\/jmkudokan.com.mx\/wp-content\/uploads\/2022\/01\/03-La-venta-y-PNL-1536x1024.jpg 1536w, https:\/\/jmkudokan.com.mx\/wp-content\/uploads\/2022\/01\/03-La-venta-y-PNL-360x240.jpg 360w, https:\/\/jmkudokan.com.mx\/wp-content\/uploads\/2022\/01\/03-La-venta-y-PNL.jpg 1920w\" sizes=\"(max-width: 300px) 100vw, 300px\" \/><\/div>\n\t\t<\/a>\n\t\t\t\t<div class=\"elementor-post__text\">\n\t\t\t\t<h3 class=\"elementor-post__title\">\n\t\t\t<a href=\"https:\/\/jmkudokan.com.mx\/?p=252\" >\n\t\t\t\tLa venta y PNL\t\t\t<\/a>\n\t\t<\/h3>\n\t\t\t\t<div class=\"elementor-post__meta-data\">\n\t\t\t\t\t<span class=\"elementor-post-date\">\n\t\t\t6 enero, 2022\t\t<\/span>\n\t\t\t\t<span class=\"elementor-post-avatar\">\n\t\t\tNo hay comentarios\t\t<\/span>\n\t\t\t\t<\/div>\n\t\t\t\t<div class=\"elementor-post__excerpt\">\n\t\t\t<p>Pr\u00f3ximamente Estudiar y hacer compatible el modelo de la Programaci\u00f3n Neuroling\u00fa\u00edstica y el Sistema de Comercializaci\u00f3n por asesor\u00eda, as\u00ed como tambi\u00e9n ejercitar las habilidades para una aplicaci\u00f3n efic\u00e1z<\/p>\n\t\t<\/div>\n\t\t\n\t\t<a class=\"elementor-post__read-more\" href=\"https:\/\/jmkudokan.com.mx\/?p=252\" >\n\t\t\tRead More \u00bb\t\t<\/a>\n\n\t\t\t\t<\/div>\n\t\t\t\t<\/article>\n\t\t\t\t<article class=\"elementor-post elementor-grid-item post-250 post type-post status-publish format-standard has-post-thumbnail hentry category-cursos\">\n\t\t\t\t<a class=\"elementor-post__thumbnail__link\" href=\"https:\/\/jmkudokan.com.mx\/?p=250\" >\n\t\t\t<div class=\"elementor-post__thumbnail\"><img loading=\"lazy\" decoding=\"async\" width=\"300\" height=\"200\" src=\"https:\/\/jmkudokan.com.mx\/wp-content\/uploads\/2022\/01\/04-Estrategia-300x200.jpg\" class=\"attachment-medium size-medium wp-image-457\" alt=\"\" srcset=\"https:\/\/jmkudokan.com.mx\/wp-content\/uploads\/2022\/01\/04-Estrategia-300x200.jpg 300w, https:\/\/jmkudokan.com.mx\/wp-content\/uploads\/2022\/01\/04-Estrategia-1024x683.jpg 1024w, https:\/\/jmkudokan.com.mx\/wp-content\/uploads\/2022\/01\/04-Estrategia-768x512.jpg 768w, https:\/\/jmkudokan.com.mx\/wp-content\/uploads\/2022\/01\/04-Estrategia-1536x1024.jpg 1536w, https:\/\/jmkudokan.com.mx\/wp-content\/uploads\/2022\/01\/04-Estrategia-360x240.jpg 360w, https:\/\/jmkudokan.com.mx\/wp-content\/uploads\/2022\/01\/04-Estrategia.jpg 1920w\" sizes=\"(max-width: 300px) 100vw, 300px\" \/><\/div>\n\t\t<\/a>\n\t\t\t\t<div class=\"elementor-post__text\">\n\t\t\t\t<h3 class=\"elementor-post__title\">\n\t\t\t<a href=\"https:\/\/jmkudokan.com.mx\/?p=250\" >\n\t\t\t\tEstrategia en los negocios.\t\t\t<\/a>\n\t\t<\/h3>\n\t\t\t\t<div class=\"elementor-post__meta-data\">\n\t\t\t\t\t<span class=\"elementor-post-date\">\n\t\t\t6 enero, 2022\t\t<\/span>\n\t\t\t\t<span class=\"elementor-post-avatar\">\n\t\t\tNo hay comentarios\t\t<\/span>\n\t\t\t\t<\/div>\n\t\t\t\t<div class=\"elementor-post__excerpt\">\n\t\t\t<p>Pr\u00f3ximamente Facilitar a los participantes accesar a sus propios recursos intraps\u00edquicos y proporcionar modelos de comunicaci\u00f3n eficaz que le permitan la planeaci\u00f3n estrat\u00e9gica de negocios.<\/p>\n\t\t<\/div>\n\t\t\n\t\t<a class=\"elementor-post__read-more\" href=\"https:\/\/jmkudokan.com.mx\/?p=250\" >\n\t\t\tRead More \u00bb\t\t<\/a>\n\n\t\t\t\t<\/div>\n\t\t\t\t<\/article>\n\t\t\t\t<\/div>\n\n\n\t\t\n\t\t\t\t\t\t<\/div>\n\t\t\t\t<\/div>\n\t\t\t\t\t<\/div>\n\t\t<\/div>\n\t\t\t\t\t<\/div>\n\t\t<\/section>\n\t\t\t\t<\/div>\n\t\t","protected":false},"excerpt":{"rendered":"","protected":false},"author":1,"featured_media":0,"parent":0,"menu_order":0,"comment_status":"closed","ping_status":"closed","template":"page-templates\/template-pagebuilder-full-width.php","meta":{"footnotes":""},"class_list":["post-55","page","type-page","status-publish","hentry"],"_links":{"self":[{"href":"https:\/\/jmkudokan.com.mx\/index.php?rest_route=\/wp\/v2\/pages\/55","targetHints":{"allow":["GET"]}}],"collection":[{"href":"https:\/\/jmkudokan.com.mx\/index.php?rest_route=\/wp\/v2\/pages"}],"about":[{"href":"https:\/\/jmkudokan.com.mx\/index.php?rest_route=\/wp\/v2\/types\/page"}],"author":[{"embeddable":true,"href":"https:\/\/jmkudokan.com.mx\/index.php?rest_route=\/wp\/v2\/users\/1"}],"replies":[{"embeddable":true,"href":"https:\/\/jmkudokan.com.mx\/index.php?rest_route=%2Fwp%2Fv2%2Fcomments&post=55"}],"version-history":[{"count":3,"href":"https:\/\/jmkudokan.com.mx\/index.php?rest_route=\/wp\/v2\/pages\/55\/revisions"}],"predecessor-version":[{"id":558,"href":"https:\/\/jmkudokan.com.mx\/index.php?rest_route=\/wp\/v2\/pages\/55\/revisions\/558"}],"wp:attachment":[{"href":"https:\/\/jmkudokan.com.mx\/index.php?rest_route=%2Fwp%2Fv2%2Fmedia&parent=55"}],"curies":[{"name":"wp","href":"https:\/\/api.w.org\/{rel}","templated":true}]}}